{"id":19,"date":"2023-11-06T18:25:35","date_gmt":"2023-11-06T21:25:35","guid":{"rendered":"https:\/\/biblioteca.ingenieria.uner.edu.ar\/?page_id=19"},"modified":"2026-02-24T14:28:35","modified_gmt":"2026-02-24T17:28:35","slug":"inicio","status":"publish","type":"page","link":"https:\/\/biblioteca.ingenieria.uner.edu.ar\/","title":{"rendered":"Inicio"},"content":{"rendered":"\t\t<div data-elementor-type=\"wp-page\" data-elementor-id=\"19\" class=\"elementor elementor-19\">\n\t\t\t\t<div class=\"elementor-element elementor-element-b76b177 e-flex e-con-boxed e-con e-parent\" data-id=\"b76b177\" data-element_type=\"container\" data-settings=\"{&quot;background_background&quot;:&quot;classic&quot;}\">\n\t\t\t\t\t<div class=\"e-con-inner\">\n\t\t<div class=\"elementor-element elementor-element-df402da e-con-full e-flex e-con e-child\" data-id=\"df402da\" data-element_type=\"container\" data-settings=\"{&quot;background_background&quot;:&quot;classic&quot;}\">\n\t\t\t\t<div class=\"elementor-element elementor-element-8d7c79c elementor-widget elementor-widget-heading\" data-id=\"8d7c79c\" data-element_type=\"widget\" data-widget_type=\"heading.default\">\n\t\t\t\t<div class=\"elementor-widget-container\">\n\t\t\t<h2 class=\"elementor-heading-title elementor-size-default\">Biblioteca <\/h2>\t\t<\/div>\n\t\t\t\t<\/div>\n\t\t\t\t<div class=\"elementor-element elementor-element-96f23d8 elementor-widget elementor-widget-heading\" data-id=\"96f23d8\" data-element_type=\"widget\" data-widget_type=\"heading.default\">\n\t\t\t\t<div class=\"elementor-widget-container\">\n\t\t\t<h2 class=\"elementor-heading-title elementor-size-default\">\"Dr. Eduardo A. Barbagelata\"<\/h2>\t\t<\/div>\n\t\t\t\t<\/div>\n\t\t\t\t<\/div>\n\t\t\t\t\t<\/div>\n\t\t\t\t<\/div>\n\t\t<div class=\"elementor-element elementor-element-69062dd e-flex e-con-boxed e-con e-parent\" data-id=\"69062dd\" data-element_type=\"container\">\n\t\t\t\t\t<div class=\"e-con-inner\">\n\t\t\t\t<div class=\"elementor-element elementor-element-825dfba elementor-widget elementor-widget-heading\" data-id=\"825dfba\" data-element_type=\"widget\" data-widget_type=\"heading.default\">\n\t\t\t\t<div class=\"elementor-widget-container\">\n\t\t\t<p class=\"elementor-heading-title elementor-size-default\"><p>La Biblioteca tiene por finalidad ofrecer colecciones especializadas&nbsp; y servicios informativos, de valor acad\u00e9mico y cient\u00edfico, que sirvan de soporte a los procesos de ense\u00f1anza-aprendizaje que se brindan en la Facultad de Ingenier\u00eda, en lo que respecta a su oferta de pre-grado, grado e inclusive posgrado.<\/p><p>Los recursos informativos, impresos y digitales, aportan contenidos sobre Bioingenier\u00eda, Bioinform\u00e1tica, Ingenier\u00eda en Transportes y Ciencia de Datos.<\/p><p>Existe una amplia tipolog\u00eda en su fondo bibliogr\u00e1fico&nbsp; ya que est\u00e1 compuesto por obras de referencia, libros, revistas, materiales digitales en cd y\/o dvd, tesinas y tesis. Adem\u00e1s se cuenta con acceso a diversas bases de datos, as\u00ed como tambi\u00e9n se dispone de una secci\u00f3n de tipo recreativa con textos literarios. Adem\u00e1s se cuenta con espacios para lectura.<span><\/span><\/p><\/p>\t\t<\/div>\n\t\t\t\t<\/div>\n\t\t<div class=\"elementor-element elementor-element-3d60a00 e-con-full e-flex e-con e-child\" data-id=\"3d60a00\" data-element_type=\"container\">\n\t\t\t\t<div class=\"elementor-element elementor-element-7bfd24a elementor-align-center elementor-widget elementor-widget-button\" data-id=\"7bfd24a\" data-element_type=\"widget\" data-widget_type=\"button.default\">\n\t\t\t\t<div class=\"elementor-widget-container\">\n\t\t\t\t\t\t\t<div class=\"elementor-button-wrapper\">\n\t\t\t\t\t<a class=\"elementor-button elementor-button-link elementor-size-sm\" href=\"https:\/\/biblioteca-fing.uner.edu.ar\/\" target=\"_blank\">\n\t\t\t\t\t\t<span class=\"elementor-button-content-wrapper\">\n\t\t\t\t\t\t\t\t\t<span class=\"elementor-button-text\">Acceso al cat\u00e1logo<\/span>\n\t\t\t\t\t<\/span>\n\t\t\t\t\t<\/a>\n\t\t\t\t<\/div>\n\t\t\t\t\t\t<\/div>\n\t\t\t\t<\/div>\n\t\t\t\t<\/div>\n\t\t\t\t\t<\/div>\n\t\t\t\t<\/div>\n\t\t<div class=\"elementor-element elementor-element-ab221d7 e-flex e-con-boxed e-con e-parent\" data-id=\"ab221d7\" data-element_type=\"container\" data-settings=\"{&quot;background_background&quot;:&quot;classic&quot;}\">\n\t\t\t\t\t<div class=\"e-con-inner\">\n\t\t<div class=\"elementor-element elementor-element-d3b7f3d e-con-full e-flex e-con e-child\" data-id=\"d3b7f3d\" data-element_type=\"container\">\n\t\t\t\t<div class=\"elementor-element elementor-element-f17ac71 elementor-widget elementor-widget-video\" data-id=\"f17ac71\" data-element_type=\"widget\" data-settings=\"{&quot;video_type&quot;:&quot;hosted&quot;,&quot;controls&quot;:&quot;yes&quot;}\" data-widget_type=\"video.default\">\n\t\t\t\t<div class=\"elementor-widget-container\">\n\t\t\t\t\t<div class=\"e-hosted-video elementor-wrapper elementor-open-inline\">\n\t\t\t\t\t<video class=\"elementor-video\" src=\"https:\/\/biblioteca.ingenieria.uner.edu.ar\/wp-content\/uploads\/2025\/06\/videoinstitucionalbibliofiunerjunio2025.mp4\" controls=\"\" preload=\"metadata\" controlsList=\"nodownload\"><\/video>\n\t\t\t\t<\/div>\n\t\t\t\t<\/div>\n\t\t\t\t<\/div>\n\t\t\t\t<\/div>\n\t\t<div class=\"elementor-element elementor-element-8888355 e-con-full e-flex e-con e-child\" data-id=\"8888355\" data-element_type=\"container\">\n\t\t\t\t<div class=\"elementor-element elementor-element-3ddaf7a elementor-widget elementor-widget-text-editor\" data-id=\"3ddaf7a\" data-element_type=\"widget\" data-widget_type=\"text-editor.default\">\n\t\t\t\t<div class=\"elementor-widget-container\">\n\t\t\t\t\t\t\t<h4>Aspectos de valor de la Biblioteca<\/h4><ul style=\"font-style: inherit; font-weight: inherit;\"><li style=\"font-size: 16px;\">Credencial digital.<\/li><li style=\"font-style: inherit; font-weight: inherit;\"><a href=\"https:\/\/drive.google.com\/file\/d\/1PEopBBM7QmxVwm8fjxnZ-63O61qSv_BN\/view?usp=sharing\" target=\"_blank\" rel=\"noopener\">Acceso abierto a gran parte de la colecci\u00f3n.\u00a0<\/a><\/li><li style=\"font-style: inherit; font-weight: inherit;\">Colecci\u00f3n diversa y actualizada, con \u00e9nfasis en lo digital (hemeroteca, textos y bases de datos).<\/li><li style=\"font-size: 16px;\"><span style=\"font-style: inherit; font-weight: inherit; text-align: var(--text-align);\">Sistema de informaci\u00f3n en l\u00ednea 24\/7, asistida por tutoriales<\/span><\/li><li style=\"font-size: 16px;\"><span style=\"font-style: inherit; font-weight: inherit; text-align: var(--text-align);\">Reservas de material en l\u00ednea<\/span><\/li><li style=\"font-style: inherit; font-weight: inherit;\"><span style=\"font-style: inherit; font-weight: inherit; text-align: var(--text-align);\">7 puestos inform\u00e1ticos con acceso a Internet (para uso ofim\u00e1tico) + 1 esc\u00e1ner plano.<\/span><\/li><li style=\"font-style: inherit; font-weight: inherit;\">Mesas para trabajo individual, cercanas a la colecci\u00f3n.<\/li><li style=\"font-style: inherit; font-weight: inherit;\">Sala de lectura\/trabajo grupal.\u00a0<\/li><li style=\"font-size: 16px;\"><span style=\"font-style: inherit; font-weight: inherit;\">Conectividad wi-fi en todos sus sectores<\/span><\/li><li style=\"font-size: 16px;\"><span style=\"font-style: inherit; font-weight: inherit; text-align: var(--text-align);\">Atenci\u00f3n al usuario a trav\u00e9s de whatsapp<\/span><\/li><li style=\"font-size: 16px;\">Aula dedicada dentro del campus virtual de la FI UNER<\/li><li style=\"font-style: inherit; font-weight: inherit;\"><span style=\"font-style: inherit; font-weight: inherit; text-align: var(--text-align);\">Perfil institucional en Linkedin<\/span><\/li><li style=\"font-style: inherit; font-weight: inherit;\"><span style=\"font-style: inherit; font-weight: inherit; text-align: var(--text-align);\">Colaboradora del portal BDU\/SIU<\/span><\/li><\/ul>\t\t\t\t\t\t<\/div>\n\t\t\t\t<\/div>\n\t\t\t\t<\/div>\n\t\t\t\t\t<\/div>\n\t\t\t\t<\/div>\n\t\t<div class=\"elementor-element elementor-element-aa4eaf7 e-flex e-con-boxed e-con e-parent\" data-id=\"aa4eaf7\" data-element_type=\"container\" data-settings=\"{&quot;background_background&quot;:&quot;classic&quot;}\">\n\t\t\t\t\t<div class=\"e-con-inner\">\n\t\t\t\t\t<\/div>\n\t\t\t\t<\/div>\n\t\t<div class=\"elementor-element elementor-element-975050d e-flex e-con-boxed e-con e-parent\" data-id=\"975050d\" data-element_type=\"container\">\n\t\t\t\t\t<div class=\"e-con-inner\">\n\t\t<div class=\"elementor-element elementor-element-344f8dd e-con-full e-flex e-con e-child\" data-id=\"344f8dd\" data-element_type=\"container\" data-settings=\"{&quot;background_background&quot;:&quot;classic&quot;}\">\n\t\t\t\t<div class=\"elementor-element elementor-element-be708f6 elementor-widget elementor-widget-heading\" data-id=\"be708f6\" data-element_type=\"widget\" data-widget_type=\"heading.default\">\n\t\t\t\t<div class=\"elementor-widget-container\">\n\t\t\t<h4 class=\"elementor-heading-title elementor-size-default\">Informes y consultas:<\/h4>\t\t<\/div>\n\t\t\t\t<\/div>\n\t\t\t\t<div class=\"elementor-element elementor-element-3c6d5b7 elementor-widget elementor-widget-text-editor\" data-id=\"3c6d5b7\" data-element_type=\"widget\" data-widget_type=\"text-editor.default\">\n\t\t\t\t<div class=\"elementor-widget-container\">\n\t\t\t\t\t\t\t<ul><li><p><span style=\"font-size: 16px;\"><strong>Atenci\u00f3n<\/strong> de <strong>lunes a viernes de 8 a 18 hs.<\/strong><\/span><\/p><\/li><li><p><span style=\"font-size: 16px;\">L\u00ednea de\u00a0 <strong>whatsapp institucional:<\/strong> +54 343 4571839<\/span><\/p><\/li><li><p><strong>L\u00ednea telef\u00f3nica institucional<\/strong>: <span style=\"font-size: 16px;\">+54 343 4975100\/01, interno 135.<\/span><\/p><\/li><li><p><strong>Correo electr\u00f3nico institucional<\/strong>: biblioteca.ingenieria@uner.edu.ar<\/p><\/li><li><p><span style=\"font-style: inherit; color: var( --e-global-color-text ); font-family: var( --e-global-typography-text-font-family ), Sans-serif; text-align: var(--text-align);\">Planta baja del Centro de Medios<\/span><\/p><\/li><li>Ruta 11, km. 10. Oro Verde, provincia de Entre R\u00edos. Argentina<\/li><\/ul>\t\t\t\t\t\t<\/div>\n\t\t\t\t<\/div>\n\t\t\t\t<\/div>\n\t\t<div class=\"elementor-element elementor-element-6b843b9 e-con-full e-flex e-con e-child\" data-id=\"6b843b9\" data-element_type=\"container\">\n\t\t\t\t<div class=\"elementor-element elementor-element-5d20e3b elementor-widget elementor-widget-heading\" data-id=\"5d20e3b\" data-element_type=\"widget\" data-widget_type=\"heading.default\">\n\t\t\t\t<div class=\"elementor-widget-container\">\n\t\t\t<h4 class=\"elementor-heading-title elementor-size-default\">Preguntas frecuentes<\/h4>\t\t<\/div>\n\t\t\t\t<\/div>\n\t\t\t\t<div class=\"elementor-element elementor-element-855a21c elementor-view-default elementor-widget elementor-widget-icon\" data-id=\"855a21c\" data-element_type=\"widget\" data-widget_type=\"icon.default\">\n\t\t\t\t<div class=\"elementor-widget-container\">\n\t\t\t\t\t<div class=\"elementor-icon-wrapper\">\n\t\t\t<a class=\"elementor-icon\" href=\"https:\/\/biblioteca.ingenieria.uner.edu.ar\/wp-content\/uploads\/2025\/04\/preguntas-frecuentes-bca-fiuner.pdf\" target=\"_blank\">\n\t\t\t<svg aria-hidden=\"true\" class=\"e-font-icon-svg e-far-question-circle\" viewBox=\"0 0 512 512\" xmlns=\"http:\/\/www.w3.org\/2000\/svg\"><path d=\"M256 8C119.043 8 8 119.083 8 256c0 136.997 111.043 248 248 248s248-111.003 248-248C504 119.083 392.957 8 256 8zm0 448c-110.532 0-200-89.431-200-200 0-110.495 89.472-200 200-200 110.491 0 200 89.471 200 200 0 110.53-89.431 200-200 200zm107.244-255.2c0 67.052-72.421 68.084-72.421 92.863V300c0 6.627-5.373 12-12 12h-45.647c-6.627 0-12-5.373-12-12v-8.659c0-35.745 27.1-50.034 47.579-61.516 17.561-9.845 28.324-16.541 28.324-29.579 0-17.246-21.999-28.693-39.784-28.693-23.189 0-33.894 10.977-48.942 29.969-4.057 5.12-11.46 6.071-16.666 2.124l-27.824-21.098c-5.107-3.872-6.251-11.066-2.644-16.363C184.846 131.491 214.94 112 261.794 112c49.071 0 101.45 38.304 101.45 88.8zM298 368c0 23.159-18.841 42-42 42s-42-18.841-42-42 18.841-42 42-42 42 18.841 42 42z\"><\/path><\/svg>\t\t\t<\/a>\n\t\t<\/div>\n\t\t\t\t<\/div>\n\t\t\t\t<\/div>\n\t\t\t\t<\/div>\n\t\t\t\t\t<\/div>\n\t\t\t\t<\/div>\n\t\t<div class=\"elementor-element elementor-element-0e1e550 e-flex e-con-boxed e-con e-parent\" data-id=\"0e1e550\" data-element_type=\"container\">\n\t\t\t\t\t<div class=\"e-con-inner\">\n\t\t\t\t<div class=\"elementor-element elementor-element-1541846 elementor-widget elementor-widget-shortcode\" data-id=\"1541846\" data-element_type=\"widget\" data-widget_type=\"shortcode.default\">\n\t\t\t\t<div class=\"elementor-widget-container\">\n\t\t\t\t\t<div class=\"elementor-shortcode\">\t\n\t\t<div id=\"gs_logo_area_1\" class=\"gs_logo_area gs_logo_area_1 slider1\" style=\"opacity: 0; visibility: hidden;\">\n\t\t\t<div class=\"gs_logo_area--inner\">\n\t\n\t\t\t\t\n<div class=\"gs_logo_container gs_carousel_swiper gs_logo_fix_height_and_center\" data-carousel-config='{\"direction\":\"horizontal\",\"speed\":500,\"isAutoplay\":true,\"autoplayDelay\":2000,\"loop\":true,\"pauseOnHover\":true,\"ticker\":false,\"navs\":false,\"navs_pos\":\"bottom\",\"dots\":false,\"dynamic_dots\":true,\"slideSpace\":10,\"slidesPerGroup\":1,\"desktopLogos\":4,\"tabletLogos\":3,\"mobileLogos\":2,\"reverseDirection\":false}'>\n\n\t\n\t\t\n\t\t\t<div class=\"gs_logo_single--wrapper\">\n\t\t\t\t<div class=\"gs_logo_single\">\n\n\t\t\t\t\t<!-- Logo Img -->\n\t\t\t\t\t<a href=\"https:\/\/bdu.siu.edu.ar\/\" target=\"_blank\" rel=\"noopener\"><img decoding=\"async\" width=\"300\" height=\"92\" src=\"https:\/\/biblioteca.ingenieria.uner.edu.ar\/wp-content\/uploads\/2024\/11\/logos-biblioteca_4-300x92.png\" class=\"default  gs-logo--img wp-post-image\" alt=\"\" title=\"BDU Biblioteca\" srcset=\"https:\/\/biblioteca.ingenieria.uner.edu.ar\/wp-content\/uploads\/2024\/11\/logos-biblioteca_4-300x92.png 300w, https:\/\/biblioteca.ingenieria.uner.edu.ar\/wp-content\/uploads\/2024\/11\/logos-biblioteca_4-1024x312.png 1024w, https:\/\/biblioteca.ingenieria.uner.edu.ar\/wp-content\/uploads\/2024\/11\/logos-biblioteca_4-768x234.png 768w, https:\/\/biblioteca.ingenieria.uner.edu.ar\/wp-content\/uploads\/2024\/11\/logos-biblioteca_4-1536x469.png 1536w, https:\/\/biblioteca.ingenieria.uner.edu.ar\/wp-content\/uploads\/2024\/11\/logos-biblioteca_4-2048x625.png 2048w\" sizes=\"(max-width: 300px) 100vw, 300px\" \/><\/a>\n\t\t\t\t\t<!-- Logo Title -->\n\t\t\t\t\t\t\t\t\t\t\n\t\t\t\t\t<!-- Logo Category -->\n\t\t\t\t\t\t\t\t\t\t\n\t\t\t\t<\/div>\n\t\t\t<\/div>\n\n\t\t\n\t\t\t<div class=\"gs_logo_single--wrapper\">\n\t\t\t\t<div class=\"gs_logo_single\">\n\n\t\t\t\t\t<!-- Logo Img -->\n\t\t\t\t\t<a href=\"https:\/\/argentina.bvsalud.org\/\" target=\"_blank\" rel=\"noopener\"><img decoding=\"async\" width=\"300\" height=\"92\" src=\"https:\/\/biblioteca.ingenieria.uner.edu.ar\/wp-content\/uploads\/2024\/11\/logos-biblioteca_3-300x92.png\" class=\"default  gs-logo--img wp-post-image\" alt=\"\" title=\"Biblioteca Virtual de Salud\" srcset=\"https:\/\/biblioteca.ingenieria.uner.edu.ar\/wp-content\/uploads\/2024\/11\/logos-biblioteca_3-300x92.png 300w, https:\/\/biblioteca.ingenieria.uner.edu.ar\/wp-content\/uploads\/2024\/11\/logos-biblioteca_3-1024x312.png 1024w, https:\/\/biblioteca.ingenieria.uner.edu.ar\/wp-content\/uploads\/2024\/11\/logos-biblioteca_3-768x234.png 768w, https:\/\/biblioteca.ingenieria.uner.edu.ar\/wp-content\/uploads\/2024\/11\/logos-biblioteca_3-1536x469.png 1536w, https:\/\/biblioteca.ingenieria.uner.edu.ar\/wp-content\/uploads\/2024\/11\/logos-biblioteca_3-2048x625.png 2048w\" sizes=\"(max-width: 300px) 100vw, 300px\" \/><\/a>\n\t\t\t\t\t<!-- Logo Title -->\n\t\t\t\t\t\t\t\t\t\t\n\t\t\t\t\t<!-- Logo Category -->\n\t\t\t\t\t\t\t\t\t\t\n\t\t\t\t<\/div>\n\t\t\t<\/div>\n\n\t\t\n\t\t\t<div class=\"gs_logo_single--wrapper\">\n\t\t\t\t<div class=\"gs_logo_single\">\n\n\t\t\t\t\t<!-- Logo Img -->\n\t\t\t\t\t<a href=\"https:\/\/uner.ticmas.io\/bidi\/login-external\" target=\"_blank\" rel=\"noopener\"><img decoding=\"async\" width=\"300\" height=\"92\" src=\"https:\/\/biblioteca.ingenieria.uner.edu.ar\/wp-content\/uploads\/2024\/11\/logos-biblioteca_2-300x92.png\" class=\"default  gs-logo--img wp-post-image\" alt=\"\" title=\"BIDI\" srcset=\"https:\/\/biblioteca.ingenieria.uner.edu.ar\/wp-content\/uploads\/2024\/11\/logos-biblioteca_2-300x92.png 300w, https:\/\/biblioteca.ingenieria.uner.edu.ar\/wp-content\/uploads\/2024\/11\/logos-biblioteca_2-1024x312.png 1024w, https:\/\/biblioteca.ingenieria.uner.edu.ar\/wp-content\/uploads\/2024\/11\/logos-biblioteca_2-768x234.png 768w, https:\/\/biblioteca.ingenieria.uner.edu.ar\/wp-content\/uploads\/2024\/11\/logos-biblioteca_2-1536x469.png 1536w, https:\/\/biblioteca.ingenieria.uner.edu.ar\/wp-content\/uploads\/2024\/11\/logos-biblioteca_2-2048x625.png 2048w\" sizes=\"(max-width: 300px) 100vw, 300px\" \/><\/a>\n\t\t\t\t\t<!-- Logo Title -->\n\t\t\t\t\t\t\t\t\t\t\n\t\t\t\t\t<!-- Logo Category -->\n\t\t\t\t\t\t\t\t\t\t\n\t\t\t\t<\/div>\n\t\t\t<\/div>\n\n\t\t\n\t\t\t<div class=\"gs_logo_single--wrapper\">\n\t\t\t\t<div class=\"gs_logo_single\">\n\n\t\t\t\t\t<!-- Logo Img -->\n\t\t\t\t\t<a href=\"https:\/\/biblioteca.mincyt.gob.ar\/\" target=\"_blank\" rel=\"noopener\"><img loading=\"lazy\" decoding=\"async\" width=\"300\" height=\"92\" src=\"https:\/\/biblioteca.ingenieria.uner.edu.ar\/wp-content\/uploads\/2024\/11\/logos-biblioteca_1-300x92.png\" class=\"default  gs-logo--img wp-post-image\" alt=\"\" title=\"Biblioteca Electr\u00f3nica de Ciencia y Tecnolog\u00eda\" srcset=\"https:\/\/biblioteca.ingenieria.uner.edu.ar\/wp-content\/uploads\/2024\/11\/logos-biblioteca_1-300x92.png 300w, https:\/\/biblioteca.ingenieria.uner.edu.ar\/wp-content\/uploads\/2024\/11\/logos-biblioteca_1-1024x312.png 1024w, https:\/\/biblioteca.ingenieria.uner.edu.ar\/wp-content\/uploads\/2024\/11\/logos-biblioteca_1-768x234.png 768w, https:\/\/biblioteca.ingenieria.uner.edu.ar\/wp-content\/uploads\/2024\/11\/logos-biblioteca_1-1536x469.png 1536w, https:\/\/biblioteca.ingenieria.uner.edu.ar\/wp-content\/uploads\/2024\/11\/logos-biblioteca_1-2048x625.png 2048w\" sizes=\"(max-width: 300px) 100vw, 300px\" \/><\/a>\n\t\t\t\t\t<!-- Logo Title -->\n\t\t\t\t\t\t\t\t\t\t\n\t\t\t\t\t<!-- Logo Category -->\n\t\t\t\t\t\t\t\t\t\t\n\t\t\t\t<\/div>\n\t\t\t<\/div>\n\n\t\t\t\t\n\t\n<\/div>\t\t\t<\/div>\n\t\t<\/div>\n\t\n\t\t<style>#gs_logo_area_1:not(.verticaltickerdown):not(.verticalticker) .gs_logo_container{margin-left:-5px}#gs_logo_area_1:not(.verticaltickerdown):not(.verticalticker) .gs_logo_container{margin-right:-5px}#gs_logo_area_1:not(.verticaltickerdown):not(.verticalticker) .gs_logo_single--wrapper{padding:5px}#gs_logo_area_1 ul.gs-logo-filter-cats{text-align:center!important}#gs_logo_area_1 .gs_logo_single--wrapper{width:25%}@media (max-width:1023px){#gs_logo_area_1 .gs_logo_single--wrapper{width:33.333333333333%}}@media (max-width:767px){#gs_logo_area_1 .gs_logo_single--wrapper{width:50%}}<\/style><\/div>\n\t\t\t\t<\/div>\n\t\t\t\t<\/div>\n\t\t\t\t\t<\/div>\n\t\t\t\t<\/div>\n\t\t\t\t<\/div>\n\t\t","protected":false},"excerpt":{"rendered":"<p>Biblioteca &#8220;Dr. Eduardo A. Barbagelata&#8221; La Biblioteca tiene por finalidad ofrecer colecciones especializadas&nbsp; y servicios informativos, de valor acad\u00e9mico y cient\u00edfico, que sirvan de soporte a los procesos de ense\u00f1anza-aprendizaje que se brindan en la Facultad de Ingenier\u00eda, en lo que respecta a su oferta de pre-grado, grado e inclusive posgrado. Los recursos informativos, impresos [&hellip;]<\/p>\n","protected":false},"author":4,"featured_media":0,"parent":0,"menu_order":0,"comment_status":"closed","ping_status":"closed","template":"","meta":{"site-sidebar-layout":"no-sidebar","site-content-layout":"page-builder","ast-site-content-layout":"full-width-container","site-content-style":"default","site-sidebar-style":"default","ast-global-header-display":"","ast-banner-title-visibility":"","ast-main-header-display":"","ast-hfb-above-header-display":"","ast-hfb-below-header-display":"","ast-hfb-mobile-header-display":"","site-post-title":"disabled","ast-breadcrumbs-content":"","ast-featured-img":"disabled","footer-sml-layout":"","theme-transparent-header-meta":"","adv-header-id-meta":"","stick-header-meta":"","header-above-stick-meta":"","header-main-stick-meta":"","header-below-stick-meta":"","astra-migrate-meta-layouts":"set","ast-page-background-enabled":"default","ast-page-background-meta":{"desktop":{"background-color":"var(--ast-global-color-4)","background-image":"","background-repeat":"repeat","background-position":"center center","background-size":"auto","background-attachment":"scroll","background-type":"","background-media":"","overlay-type":"","overlay-color":"","overlay-gradient":""},"tablet":{"background-color":"","background-image":"","background-repeat":"repeat","background-position":"center center","background-size":"auto","background-attachment":"scroll","background-type":"","background-media":"","overlay-type":"","overlay-color":"","overlay-gradient":""},"mobile":{"background-color":"","background-image":"","background-repeat":"repeat","background-position":"center center","background-size":"auto","background-attachment":"scroll","background-type":"","background-media":"","overlay-type":"","overlay-color":"","overlay-gradient":""}},"ast-content-background-meta":{"desktop":{"background-color":"var(--ast-global-color-5)","background-image":"","background-repeat":"repeat","background-position":"center center","background-size":"auto","background-attachment":"scroll","background-type":"","background-media":"","overlay-type":"","overlay-color":"","overlay-gradient":""},"tablet":{"background-color":"var(--ast-global-color-5)","background-image":"","background-repeat":"repeat","background-position":"center center","background-size":"auto","background-attachment":"scroll","background-type":"","background-media":"","overlay-type":"","overlay-color":"","overlay-gradient":""},"mobile":{"background-color":"var(--ast-global-color-5)","background-image":"","background-repeat":"repeat","background-position":"center center","background-size":"auto","background-attachment":"scroll","background-type":"","background-media":"","overlay-type":"","overlay-color":"","overlay-gradient":""}},"footnotes":""},"class_list":["post-19","page","type-page","status-publish","hentry"],"_links":{"self":[{"href":"https:\/\/biblioteca.ingenieria.uner.edu.ar\/index.php\/wp-json\/wp\/v2\/pages\/19","targetHints":{"allow":["GET"]}}],"collection":[{"href":"https:\/\/biblioteca.ingenieria.uner.edu.ar\/index.php\/wp-json\/wp\/v2\/pages"}],"about":[{"href":"https:\/\/biblioteca.ingenieria.uner.edu.ar\/index.php\/wp-json\/wp\/v2\/types\/page"}],"author":[{"embeddable":true,"href":"https:\/\/biblioteca.ingenieria.uner.edu.ar\/index.php\/wp-json\/wp\/v2\/users\/4"}],"replies":[{"embeddable":true,"href":"https:\/\/biblioteca.ingenieria.uner.edu.ar\/index.php\/wp-json\/wp\/v2\/comments?post=19"}],"version-history":[{"count":170,"href":"https:\/\/biblioteca.ingenieria.uner.edu.ar\/index.php\/wp-json\/wp\/v2\/pages\/19\/revisions"}],"predecessor-version":[{"id":1121,"href":"https:\/\/biblioteca.ingenieria.uner.edu.ar\/index.php\/wp-json\/wp\/v2\/pages\/19\/revisions\/1121"}],"wp:attachment":[{"href":"https:\/\/biblioteca.ingenieria.uner.edu.ar\/index.php\/wp-json\/wp\/v2\/media?parent=19"}],"curies":[{"name":"wp","href":"https:\/\/api.w.org\/{rel}","templated":true}]}}