{"id":239,"date":"2023-11-07T18:59:32","date_gmt":"2023-11-07T21:59:32","guid":{"rendered":"https:\/\/biblioteca.ingenieria.uner.edu.ar\/?page_id=239"},"modified":"2026-03-04T13:43:01","modified_gmt":"2026-03-04T16:43:01","slug":"recursos-digitales","status":"publish","type":"page","link":"https:\/\/biblioteca.ingenieria.uner.edu.ar\/index.php\/recursos-digitales\/","title":{"rendered":"Recursos digitales"},"content":{"rendered":"\t\t<div data-elementor-type=\"wp-page\" data-elementor-id=\"239\" class=\"elementor elementor-239\">\n\t\t\t\t<div class=\"elementor-element elementor-element-625569e e-flex e-con-boxed e-con e-parent\" data-id=\"625569e\" data-element_type=\"container\" data-settings=\"{&quot;background_background&quot;:&quot;classic&quot;}\">\n\t\t\t\t\t<div class=\"e-con-inner\">\n\t\t<div class=\"elementor-element elementor-element-b947f06 e-con-full e-flex e-con e-child\" data-id=\"b947f06\" data-element_type=\"container\" data-settings=\"{&quot;background_background&quot;:&quot;classic&quot;}\">\n\t\t\t\t<div class=\"elementor-element elementor-element-cadcda2 elementor-widget elementor-widget-heading\" data-id=\"cadcda2\" data-element_type=\"widget\" data-widget_type=\"heading.default\">\n\t\t\t\t<div class=\"elementor-widget-container\">\n\t\t\t<h2 class=\"elementor-heading-title elementor-size-default\">Recursos digitales<\/h2>\t\t<\/div>\n\t\t\t\t<\/div>\n\t\t\t\t<\/div>\n\t\t\t\t\t<\/div>\n\t\t\t\t<\/div>\n\t\t<div class=\"elementor-element elementor-element-6e6aab0 e-flex e-con-boxed e-con e-parent\" data-id=\"6e6aab0\" data-element_type=\"container\" data-settings=\"{&quot;background_background&quot;:&quot;classic&quot;}\">\n\t\t\t\t\t<div class=\"e-con-inner\">\n\t\t\t\t<div class=\"elementor-element elementor-element-a06d445 elementor-widget elementor-widget-heading\" data-id=\"a06d445\" data-element_type=\"widget\" data-widget_type=\"heading.default\">\n\t\t\t\t<div class=\"elementor-widget-container\">\n\t\t\t<h2 class=\"elementor-heading-title elementor-size-default\">La biblioteca dispone de conectividad y personal calificado para recomendar el uso de recursos informativos en l\u00ednea, de valor acad\u00e9mico y cient\u00edfico. En esta secci\u00f3n se ofrece una selecci\u00f3n, clasificada por finalidad.\n\n<\/h2>\t\t<\/div>\n\t\t\t\t<\/div>\n\t\t\t\t\t<\/div>\n\t\t\t\t<\/div>\n\t\t<div class=\"elementor-element elementor-element-c7e2860 e-flex e-con-boxed e-con e-parent\" data-id=\"c7e2860\" data-element_type=\"container\" data-settings=\"{&quot;background_background&quot;:&quot;classic&quot;}\">\n\t\t\t\t\t<div class=\"e-con-inner\">\n\t\t\t\t<div class=\"elementor-element elementor-element-0f5aadb elementor-widget elementor-widget-eael-adv-accordion\" data-id=\"0f5aadb\" data-element_type=\"widget\" data-widget_type=\"eael-adv-accordion.default\">\n\t\t\t\t<div class=\"elementor-widget-container\">\n\t\t\t        <div class=\"eael-adv-accordion\" id=\"eael-adv-accordion-0f5aadb\" data-scroll-on-click=\"no\" data-scroll-speed=\"300\" data-accordion-id=\"0f5aadb\" data-accordion-type=\"accordion\" data-toogle-speed=\"300\">\n    <div class=\"eael-accordion-list\">\n                <div id=\"suscriptos-adheridos\" class=\"elementor-tab-title eael-accordion-header active-default\" tabindex=\"0\" data-tab=\"1\" aria-controls=\"elementor-tab-content-1611\"><span class=\"eael-accordion-tab-title\">Suscriptos \/ Adheridos<\/span><svg aria-hidden=\"true\" class=\"fa-toggle e-font-icon-svg e-fas-angle-right\" viewBox=\"0 0 256 512\" xmlns=\"http:\/\/www.w3.org\/2000\/svg\"><path d=\"M224.3 273l-136 136c-9.4 9.4-24.6 9.4-33.9 0l-22.6-22.6c-9.4-9.4-9.4-24.6 0-33.9l96.4-96.4-96.4-96.4c-9.4-9.4-9.4-24.6 0-33.9L54.3 103c9.4-9.4 24.6-9.4 33.9 0l136 136c9.5 9.4 9.5 24.6.1 34z\"><\/path><\/svg><\/div><div id=\"elementor-tab-content-1611\" class=\"eael-accordion-content clearfix active-default\" data-tab=\"1\" aria-labelledby=\"suscriptos-adheridos\"><p><a href=\"https:\/\/uner.ticmas.io\/bidi\/login-external\" target=\"_blank\" rel=\"noopener\"><b>BIDI<\/b><\/a><\/p><ul><li><span style=\"font-weight: 400;\">+de 3000 libros electr\u00f3nicos sobre distintas disciplinas.<\/span><\/li><li><span style=\"font-weight: 400;\">accesible a trav\u00e9s de usuario y clave del SIU Guaran\u00ed.<\/span><\/li><li>Funcionamiento: permite tomar prestados los textos y una vez vencidos se reintegran a la plataforma. Admite reservas.<\/li><\/ul><p><a href=\"https:\/\/iramcoleccion.org.ar\/\" target=\"_blank\" rel=\"noopener\"><b>IRAM Colecci\u00f3n<\/b><\/a><\/p><ul><li><span style=\"font-weight: 400;\">+de 9000 normas t\u00e9cnicas a texto completo (solo visualizaci\u00f3n)<\/span><\/li><li><span style=\"font-weight: 400;\">accesible &#8220;in situ&#8221; a trav\u00e9s de las computadoras disponibles en biblioteca.\u00a0<\/span><\/li><li><span style=\"font-weight: 400;\">V\u00e1lida hasta el 01\/04\/2026.\u00a0<\/span><\/li><\/ul><p><a href=\"https:\/\/biblioteca.mincyt.gob.ar\/\" target=\"_blank\" rel=\"noopener\"><b>Biblioteca Electr\u00f3nica de Ciencia y Tecnolog\u00eda<\/b><\/a><\/p><ul><li><span style=\"color: #000000;\">portal de acceso a libros, revistas y bases de datos.<\/span><\/li><li><span style=\"color: #000000;\">accesible\u00a0 v\u00eda web.<\/span><\/li><li><span style=\"color: #000000;\">la disponibilidad de los textos completos est\u00e1 sujeta a las suscripciones vigentes.<\/span><\/li><li><span style=\"color: #000000;\">la regla general admite descargas de informaci\u00f3n a texto completo siempre que el usuario est\u00e9 validado a trav\u00e9s del IP de la UNER.<\/span><\/li><\/ul><\/div>\n                <\/div><div class=\"eael-accordion-list\">\n                <div id=\"recomendados\" class=\"elementor-tab-title eael-accordion-header active-default\" tabindex=\"0\" data-tab=\"2\" aria-controls=\"elementor-tab-content-1612\"><span class=\"eael-accordion-tab-title\">Recomendados<\/span><svg aria-hidden=\"true\" class=\"fa-toggle e-font-icon-svg e-fas-angle-right\" viewBox=\"0 0 256 512\" xmlns=\"http:\/\/www.w3.org\/2000\/svg\"><path d=\"M224.3 273l-136 136c-9.4 9.4-24.6 9.4-33.9 0l-22.6-22.6c-9.4-9.4-9.4-24.6 0-33.9l96.4-96.4-96.4-96.4c-9.4-9.4-9.4-24.6 0-33.9L54.3 103c9.4-9.4 24.6-9.4 33.9 0l136 136c9.5 9.4 9.5 24.6.1 34z\"><\/path><\/svg><\/div><div id=\"elementor-tab-content-1612\" class=\"eael-accordion-content clearfix active-default\" data-tab=\"2\" aria-labelledby=\"recomendados\"><p style=\"text-align: justify;\">Se recomiendan recursos en l\u00ednea, de acceso libre, que resulten de valor para fortalecer los procesos de b\u00fasqueda y recuperaci\u00f3n de informaci\u00f3n.<\/p><\/div>\n                <\/div><\/div>\t\t<\/div>\n\t\t\t\t<\/div>\n\t\t\t\t<div class=\"elementor-element elementor-element-fb9e3f9 elementor-widget elementor-widget-text-editor\" data-id=\"fb9e3f9\" data-element_type=\"widget\" data-widget_type=\"text-editor.default\">\n\t\t\t\t<div class=\"elementor-widget-container\">\n\t\t\t\t\t\t\t<figure id=\"attachment_746\" aria-describedby=\"caption-attachment-746\" style=\"width: 300px\" class=\"wp-caption alignnone\"><a href=\"https:\/\/search.worldcat.org\/es\" target=\"_blank\" rel=\"noopener\"><img decoding=\"async\" class=\"wp-image-746 size-medium\" src=\"https:\/\/biblioteca.ingenieria.uner.edu.ar\/wp-content\/uploads\/2024\/12\/logoworldcat-300x54.png\" alt=\"\" width=\"300\" height=\"54\" srcset=\"https:\/\/biblioteca.ingenieria.uner.edu.ar\/wp-content\/uploads\/2024\/12\/logoworldcat-300x54.png 300w, https:\/\/biblioteca.ingenieria.uner.edu.ar\/wp-content\/uploads\/2024\/12\/logoworldcat.png 314w\" sizes=\"(max-width: 300px) 100vw, 300px\" \/><\/a><figcaption id=\"caption-attachment-746\" class=\"wp-caption-text\">Cat\u00e1logo colectivo mundial<a style=\"font-size: 16px; background-color: #ffffff;\" href=\"https:\/\/repositoriosdigitales.mincyt.gob.ar\/vufind\/\" target=\"_blank\" rel=\"noopener\"><img decoding=\"async\" class=\"alignnone wp-image-747 size-full\" src=\"https:\/\/biblioteca.ingenieria.uner.edu.ar\/wp-content\/uploads\/2024\/12\/snrd-argentina.jpg\" alt=\"\" width=\"260\" height=\"102\" \/><\/a><\/figcaption><\/figure><figure id=\"attachment_745\" aria-describedby=\"caption-attachment-745\" style=\"width: 300px\" class=\"wp-caption alignnone\"><a href=\"https:\/\/www.lareferencia.info\/es\/\" target=\"_blank\" rel=\"noopener\"><img decoding=\"async\" class=\"wp-image-745 size-medium\" src=\"https:\/\/biblioteca.ingenieria.uner.edu.ar\/wp-content\/uploads\/2024\/12\/lareferencia-300x66.png\" alt=\"\" width=\"300\" height=\"66\" srcset=\"https:\/\/biblioteca.ingenieria.uner.edu.ar\/wp-content\/uploads\/2024\/12\/lareferencia-300x66.png 300w, https:\/\/biblioteca.ingenieria.uner.edu.ar\/wp-content\/uploads\/2024\/12\/lareferencia.png 314w\" sizes=\"(max-width: 300px) 100vw, 300px\" \/><\/a><figcaption id=\"caption-attachment-745\" class=\"wp-caption-text\">Metabuscador de repositorios<\/figcaption><\/figure><p>\u00a0<\/p><figure id=\"attachment_757\" aria-describedby=\"caption-attachment-757\" style=\"width: 300px\" class=\"wp-caption alignnone\"><a href=\"https:\/\/datos.gob.ar\/\" target=\"_blank\" rel=\"noopener\"><img loading=\"lazy\" decoding=\"async\" class=\"wp-image-757 size-medium\" src=\"https:\/\/biblioteca.ingenieria.uner.edu.ar\/wp-content\/uploads\/2024\/12\/datosgobar-1-300x55.png\" alt=\"\" width=\"300\" height=\"55\" srcset=\"https:\/\/biblioteca.ingenieria.uner.edu.ar\/wp-content\/uploads\/2024\/12\/datosgobar-1-300x55.png 300w, https:\/\/biblioteca.ingenieria.uner.edu.ar\/wp-content\/uploads\/2024\/12\/datosgobar-1.png 314w\" sizes=\"(max-width: 300px) 100vw, 300px\" \/><\/a><figcaption id=\"caption-attachment-757\" class=\"wp-caption-text\">Set de datos abiertos<\/figcaption><\/figure>\t\t\t\t\t\t<\/div>\n\t\t\t\t<\/div>\n\t\t\t\t\t<\/div>\n\t\t\t\t<\/div>\n\t\t\t\t<\/div>\n\t\t","protected":false},"excerpt":{"rendered":"<p>Recursos digitales La biblioteca dispone de conectividad y personal calificado para recomendar el uso de recursos informativos en l\u00ednea, de valor acad\u00e9mico y cient\u00edfico. En esta secci\u00f3n se ofrece una selecci\u00f3n, clasificada por finalidad. Suscriptos \/ Adheridos BIDI +de 3000 libros electr\u00f3nicos sobre distintas disciplinas. accesible a trav\u00e9s de usuario y clave del SIU Guaran\u00ed. [&hellip;]<\/p>\n","protected":false},"author":4,"featured_media":0,"parent":0,"menu_order":0,"comment_status":"closed","ping_status":"closed","template":"","meta":{"site-sidebar-layout":"no-sidebar","site-content-layout":"page-builder","ast-site-content-layout":"full-width-container","site-content-style":"default","site-sidebar-style":"default","ast-global-header-display":"","ast-banner-title-visibility":"","ast-main-header-display":"","ast-hfb-above-header-display":"","ast-hfb-below-header-display":"","ast-hfb-mobile-header-display":"","site-post-title":"disabled","ast-breadcrumbs-content":"","ast-featured-img":"disabled","footer-sml-layout":"","theme-transparent-header-meta":"","adv-header-id-meta":"","stick-header-meta":"","header-above-stick-meta":"","header-main-stick-meta":"","header-below-stick-meta":"","astra-migrate-meta-layouts":"set","ast-page-background-enabled":"default","ast-page-background-meta":{"desktop":{"background-color":"var(--ast-global-color-4)","background-image":"","background-repeat":"repeat","background-position":"center center","background-size":"auto","background-attachment":"scroll","background-type":"","background-media":"","overlay-type":"","overlay-color":"","overlay-gradient":""},"tablet":{"background-color":"","background-image":"","background-repeat":"repeat","background-position":"center center","background-size":"auto","background-attachment":"scroll","background-type":"","background-media":"","overlay-type":"","overlay-color":"","overlay-gradient":""},"mobile":{"background-color":"","background-image":"","background-repeat":"repeat","background-position":"center center","background-size":"auto","background-attachment":"scroll","background-type":"","background-media":"","overlay-type":"","overlay-color":"","overlay-gradient":""}},"ast-content-background-meta":{"desktop":{"background-color":"var(--ast-global-color-5)","background-image":"","background-repeat":"repeat","background-position":"center center","background-size":"auto","background-attachment":"scroll","background-type":"","background-media":"","overlay-type":"","overlay-color":"","overlay-gradient":""},"tablet":{"background-color":"var(--ast-global-color-5)","background-image":"","background-repeat":"repeat","background-position":"center center","background-size":"auto","background-attachment":"scroll","background-type":"","background-media":"","overlay-type":"","overlay-color":"","overlay-gradient":""},"mobile":{"background-color":"var(--ast-global-color-5)","background-image":"","background-repeat":"repeat","background-position":"center center","background-size":"auto","background-attachment":"scroll","background-type":"","background-media":"","overlay-type":"","overlay-color":"","overlay-gradient":""}},"footnotes":""},"class_list":["post-239","page","type-page","status-publish","hentry"],"_links":{"self":[{"href":"https:\/\/biblioteca.ingenieria.uner.edu.ar\/index.php\/wp-json\/wp\/v2\/pages\/239","targetHints":{"allow":["GET"]}}],"collection":[{"href":"https:\/\/biblioteca.ingenieria.uner.edu.ar\/index.php\/wp-json\/wp\/v2\/pages"}],"about":[{"href":"https:\/\/biblioteca.ingenieria.uner.edu.ar\/index.php\/wp-json\/wp\/v2\/types\/page"}],"author":[{"embeddable":true,"href":"https:\/\/biblioteca.ingenieria.uner.edu.ar\/index.php\/wp-json\/wp\/v2\/users\/4"}],"replies":[{"embeddable":true,"href":"https:\/\/biblioteca.ingenieria.uner.edu.ar\/index.php\/wp-json\/wp\/v2\/comments?post=239"}],"version-history":[{"count":120,"href":"https:\/\/biblioteca.ingenieria.uner.edu.ar\/index.php\/wp-json\/wp\/v2\/pages\/239\/revisions"}],"predecessor-version":[{"id":1128,"href":"https:\/\/biblioteca.ingenieria.uner.edu.ar\/index.php\/wp-json\/wp\/v2\/pages\/239\/revisions\/1128"}],"wp:attachment":[{"href":"https:\/\/biblioteca.ingenieria.uner.edu.ar\/index.php\/wp-json\/wp\/v2\/media?parent=239"}],"curies":[{"name":"wp","href":"https:\/\/api.w.org\/{rel}","templated":true}]}}