{"id":509,"date":"2024-11-19T08:43:15","date_gmt":"2024-11-19T11:43:15","guid":{"rendered":"https:\/\/biblioteca.ingenieria.uner.edu.ar\/?page_id=509"},"modified":"2025-12-02T15:41:09","modified_gmt":"2025-12-02T18:41:09","slug":"servicios-2","status":"publish","type":"page","link":"https:\/\/biblioteca.ingenieria.uner.edu.ar\/index.php\/servicios-2\/","title":{"rendered":"Servicios"},"content":{"rendered":"\t\t<div data-elementor-type=\"wp-page\" data-elementor-id=\"509\" class=\"elementor elementor-509\">\n\t\t\t\t<div class=\"elementor-element elementor-element-625569e e-flex e-con-boxed e-con e-parent\" data-id=\"625569e\" data-element_type=\"container\" data-settings=\"{&quot;background_background&quot;:&quot;classic&quot;}\">\n\t\t\t\t\t<div class=\"e-con-inner\">\n\t\t<div class=\"elementor-element elementor-element-b947f06 e-con-full e-flex e-con e-child\" data-id=\"b947f06\" data-element_type=\"container\" data-settings=\"{&quot;background_background&quot;:&quot;classic&quot;}\">\n\t\t\t\t<div class=\"elementor-element elementor-element-cadcda2 elementor-widget elementor-widget-heading\" data-id=\"cadcda2\" data-element_type=\"widget\" data-widget_type=\"heading.default\">\n\t\t\t\t<div class=\"elementor-widget-container\">\n\t\t\t<h2 class=\"elementor-heading-title elementor-size-default\">Servicios<\/h2>\t\t<\/div>\n\t\t\t\t<\/div>\n\t\t\t\t<\/div>\n\t\t\t\t\t<\/div>\n\t\t\t\t<\/div>\n\t\t<div class=\"elementor-element elementor-element-6e6aab0 e-flex e-con-boxed e-con e-parent\" data-id=\"6e6aab0\" data-element_type=\"container\" data-settings=\"{&quot;background_background&quot;:&quot;classic&quot;}\">\n\t\t\t\t\t<div class=\"e-con-inner\">\n\t\t\t\t<div class=\"elementor-element elementor-element-a06d445 elementor-widget elementor-widget-heading\" data-id=\"a06d445\" data-element_type=\"widget\" data-widget_type=\"heading.default\">\n\t\t\t\t<div class=\"elementor-widget-container\">\n\t\t\t<h2 class=\"elementor-heading-title elementor-size-default\">La biblioteca centra su gesti\u00f3n en la visi\u00f3n y expectativas de sus usuarios y trata de brindar respuesta a trav\u00e9s de sus servicios.\nEn esta secci\u00f3n se ofrece un detalle de servicios clasificado seg\u00fan se trate de usuarios acreditados o p\u00fablico en general.\n<\/h2>\t\t<\/div>\n\t\t\t\t<\/div>\n\t\t\t\t\t<\/div>\n\t\t\t\t<\/div>\n\t\t<div class=\"elementor-element elementor-element-c7e2860 e-flex e-con-boxed e-con e-parent\" data-id=\"c7e2860\" data-element_type=\"container\" data-settings=\"{&quot;background_background&quot;:&quot;classic&quot;}\">\n\t\t\t\t\t<div class=\"e-con-inner\">\n\t\t\t\t<div class=\"elementor-element elementor-element-0f5aadb elementor-widget elementor-widget-eael-adv-accordion\" data-id=\"0f5aadb\" data-element_type=\"widget\" data-widget_type=\"eael-adv-accordion.default\">\n\t\t\t\t<div class=\"elementor-widget-container\">\n\t\t\t        <div class=\"eael-adv-accordion\" id=\"eael-adv-accordion-0f5aadb\" data-scroll-on-click=\"no\" data-scroll-speed=\"300\" data-accordion-id=\"0f5aadb\" data-accordion-type=\"accordion\" data-toogle-speed=\"300\">\n    <div class=\"eael-accordion-list\">\n                <div id=\"usuarios-acreditados-en-biblioteca\" class=\"elementor-tab-title eael-accordion-header active-default\" tabindex=\"0\" data-tab=\"1\" aria-controls=\"elementor-tab-content-1611\"><span class=\"eael-accordion-tab-title\">Usuarios acreditados en Biblioteca<\/span><svg aria-hidden=\"true\" class=\"fa-toggle e-font-icon-svg e-fas-angle-right\" viewBox=\"0 0 256 512\" xmlns=\"http:\/\/www.w3.org\/2000\/svg\"><path d=\"M224.3 273l-136 136c-9.4 9.4-24.6 9.4-33.9 0l-22.6-22.6c-9.4-9.4-9.4-24.6 0-33.9l96.4-96.4-96.4-96.4c-9.4-9.4-9.4-24.6 0-33.9L54.3 103c9.4-9.4 24.6-9.4 33.9 0l136 136c9.5 9.4 9.5 24.6.1 34z\"><\/path><\/svg><\/div><div id=\"elementor-tab-content-1611\" class=\"eael-accordion-content clearfix active-default\" data-tab=\"1\" aria-labelledby=\"usuarios-acreditados-en-biblioteca\"><p><a href=\"https:\/\/acortar.link\/PH9ntT\" target=\"_blank\" rel=\"noopener\"><strong>Portal de informaci\u00f3n en l\u00ednea, 24\/7,\u00a0 con tutoriales dedicados (incluye acceso a cat\u00e1logo)<\/strong><\/a><\/p><p><strong>Pr\u00e9stamos<\/strong><\/p><ul><li><span style=\"font-weight: 400;\">In situ<\/span><\/li><li><span style=\"font-weight: 400;\">Por el d\u00eda<\/span><\/li><li><span style=\"font-weight: 400;\">A domicilio<\/span><\/li><li><span style=\"font-weight: 400;\">Especial: por fin de semana; por ex\u00e1menes finales<\/span><\/li><li><span style=\"font-weight: 400;\">Interbibliotecario: directo con la Biblioteca FCA UNER y con otras bibliotecas de la\u00a0<\/span><span style=\"font-weight: 400;\">UNER.<\/span><\/li><\/ul><p><strong>B\u00fasqueda y recuperaci\u00f3n de informaci\u00f3n (de manera presencial o remota)<\/strong><\/p><ul><li><span style=\"font-weight: 400;\"><a href=\"https:\/\/docs.google.com\/forms\/d\/1j3qZgilAhKaqgUmLoGH5S9YWrprgmj40KkyKnk17c2Q\/edit?usp=sharing_eil&amp;ts=66cde3c6\" target=\"_blank\" rel=\"noopener\">B\u00fasquedas tem\u00e1ticas<\/a> (sobre distintas fuentes y en base a un perfil dado).<\/span><\/li><li><span style=\"font-weight: 400;\"><a href=\"https:\/\/docs.google.com\/forms\/d\/1j3qZgilAhKaqgUmLoGH5S9YWrprgmj40KkyKnk17c2Q\/edit?usp=sharing_eil&amp;ts=66cde3c6\" target=\"_blank\" rel=\"noopener\">B\u00fasqueda y recuperaci\u00f3n de art\u00edculos<\/a> (papers) u otro tipo de documentos.<\/span><\/li><li><span style=\"font-weight: 400;\"><a href=\"https:\/\/biblioteca.ingenieria.uner.edu.ar\/wp-content\/uploads\/2025\/10\/consulta_asignaturas_embebible.html\" target=\"_blank\" rel=\"noopener\">Listar bibliograf\u00eda recomendada por c\u00e1tedras <\/a>(impresa y digital, solo para Bioingenier\u00eda)<\/span><\/li><\/ul><p><strong><a href=\"https:\/\/acortar.link\/D7dFWF\" target=\"_blank\" rel=\"noopener\">Acceso a dossiers<\/a> (informaci\u00f3n clasificada por tipo o tem\u00e1ticas espec\u00edficas)<\/strong><\/p><p><a href=\"https:\/\/acortar.link\/TyT82k\" target=\"_blank\" rel=\"noopener\"><strong>Hemeroteca digital<\/strong><\/a><\/p><p><strong>Acceso a bases de datos\u00a0<\/strong><\/p><ul><li><a href=\"https:\/\/biblioteca.mincyt.gob.ar\/\" target=\"_blank\" rel=\"noopener\"><span style=\"font-weight: 400;\">Biblioteca Electr\u00f3nica de Ciencia y Tecnolog\u00eda (Mincyt, AR)<\/span><\/a><\/li><li><a href=\"https:\/\/uner.ticmas.io\/bidi\/login-external\" target=\"_blank\" rel=\"noopener\"><span style=\"font-weight: 400;\">BIDI<\/span><\/a><\/li><li><span style=\"font-weight: 400;\">Normas IRAM\u00a0<\/span><\/li><\/ul><p><a href=\"https:\/\/acortar.link\/g2bEGy\" target=\"_blank\" rel=\"noopener\"><strong>Secci\u00f3n de literatura recreativa<\/strong><\/a><\/p><p><strong>Organizaci\u00f3n de referencias bibliogr\u00e1ficas usando Zotero.<\/strong><\/p><p><a href=\"https:\/\/drive.google.com\/file\/d\/1loyFaUKsqM24Pv0Z4tER9hZL0dtROZ6S\/view?usp=drive_link\" target=\"_blank\" rel=\"noopener\"><strong>Reservas en l\u00ednea (bibliograf\u00eda y equipos)<\/strong><\/a><\/p><p><strong>Computadoras con acceso a internet para b\u00fasqueda y recuperaci\u00f3n de informaci\u00f3n (con software ofim\u00e1tico)<\/strong><\/p><p><strong>Pr\u00e9stamo de casilleros (para uso en el d\u00eda)<\/strong><\/p><p><strong><a href=\"https:\/\/biblioteca.ingenieria.uner.edu.ar\/wp-content\/uploads\/2025\/03\/saladetrabajolecturaafeb2025.jpg\" target=\"_blank\" rel=\"noopener\">Acceso a la sala de trabajo parlante<\/a> (1\u00ba piso, Centro de Medios) (uso m\u00e1ximo 60 usuarios)<\/strong><\/p><p><strong><a href=\"https:\/\/campus.ingenieria.uner.edu.ar\/course\/view.php?id=443\" target=\"_blank\" rel=\"noopener\">Aula dentro del campus virtual de la FI UNER<\/a><\/strong><\/p><p><a href=\"https:\/\/wa.me\/message\/HW7K3T7NT6GTG1\" target=\"_blank\" rel=\"noopener\"><strong>Atenci\u00f3n de consultas v\u00eda whatsapp<\/strong><\/a><\/p><p><strong>Acceso a wi-fi<\/strong><\/p><\/div>\n                <\/div><div class=\"eael-accordion-list\">\n                <div id=\"usuarios-externos-pblico-en-general\" class=\"elementor-tab-title eael-accordion-header active-default\" tabindex=\"0\" data-tab=\"2\" aria-controls=\"elementor-tab-content-1612\"><span class=\"eael-accordion-tab-title\">Usuarios externos \/ p\u00fablico en general<\/span><svg aria-hidden=\"true\" class=\"fa-toggle e-font-icon-svg e-fas-angle-right\" viewBox=\"0 0 256 512\" xmlns=\"http:\/\/www.w3.org\/2000\/svg\"><path d=\"M224.3 273l-136 136c-9.4 9.4-24.6 9.4-33.9 0l-22.6-22.6c-9.4-9.4-9.4-24.6 0-33.9l96.4-96.4-96.4-96.4c-9.4-9.4-9.4-24.6 0-33.9L54.3 103c9.4-9.4 24.6-9.4 33.9 0l136 136c9.5 9.4 9.5 24.6.1 34z\"><\/path><\/svg><\/div><div id=\"elementor-tab-content-1612\" class=\"eael-accordion-content clearfix active-default\" data-tab=\"2\" aria-labelledby=\"usuarios-externos-pblico-en-general\"><p>La biblioteca admite la consulta de usuarios externos. En todos los casos a todo interesado en la consulta y\/o uso &#8220;in situ&#8221; de los materiales bibliogr\u00e1ficos, se le solicitar\u00e1 la presentaci\u00f3n de su dni.<\/p><\/div>\n                <\/div><\/div>\t\t<\/div>\n\t\t\t\t<\/div>\n\t\t\t\t<div class=\"elementor-element elementor-element-fb9e3f9 elementor-widget elementor-widget-text-editor\" data-id=\"fb9e3f9\" data-element_type=\"widget\" data-widget_type=\"text-editor.default\">\n\t\t\t\t<div class=\"elementor-widget-container\">\n\t\t\t\t\t\t\t<p><a href=\"https:\/\/acortar.link\/PH9ntT\" target=\"_blank\" rel=\"noopener\"><strong>Portal de informaci\u00f3n en l\u00ednea, 24\/7,\u00a0 con tutoriales dedicados (incluye acceso a cat\u00e1logo)<\/strong><\/a><\/p><p><strong>Pr\u00e9stamos<\/strong><\/p><ul><li><span style=\"font-weight: 400;\">In situ<\/span><\/li><li><span style=\"font-weight: 400;\">Por el d\u00eda<\/span><\/li><\/ul><p><strong>B\u00fasqueda y recuperaci\u00f3n de informaci\u00f3n<\/strong><\/p><p><strong><a href=\"https:\/\/acortar.link\/D7dFWF\" target=\"_blank\" rel=\"noopener\">Acceso a dossiers<\/a> (informaci\u00f3n clasificada por tipo o tem\u00e1ticas espec\u00edficas)<\/strong><\/p><p><a href=\"https:\/\/acortar.link\/TyT82k\" target=\"_blank\" rel=\"noopener\"><strong>Hemeroteca digital<\/strong><\/a><\/p><p><strong>Acceso a bases de datos\u00a0<\/strong><\/p><ul><li><a href=\"https:\/\/biblioteca.mincyt.gob.ar\/\" target=\"_blank\" rel=\"noopener\"><span style=\"font-weight: 400;\">Biblioteca Electr\u00f3nica de Ciencia y Tecnolog\u00eda (Mincyt, AR)<\/span><\/a><\/li><li><span style=\"font-weight: 400;\">Normas IRAM<\/span><\/li><\/ul><p><strong>Computadoras con acceso a internet para b\u00fasqueda y recuperaci\u00f3n de informaci\u00f3n (con software ofim\u00e1tico)<\/strong><\/p><p><strong><a href=\"https:\/\/biblioteca.ingenieria.uner.edu.ar\/wp-content\/uploads\/2025\/03\/saladetrabajolecturaafeb2025.jpg\" target=\"_blank\" rel=\"noopener\">Acceso a la sala de trabajo parlante<\/a> (1\u00ba piso, Centro de Medios) (uso m\u00e1ximo 60 usuarios)<\/strong><\/p><p><strong>Acceso a wi-fi<\/strong><\/p>\t\t\t\t\t\t<\/div>\n\t\t\t\t<\/div>\n\t\t\t\t\t<\/div>\n\t\t\t\t<\/div>\n\t\t\t\t<\/div>\n\t\t","protected":false},"excerpt":{"rendered":"<p>Servicios La biblioteca centra su gesti\u00f3n en la visi\u00f3n y expectativas de sus usuarios y trata de brindar respuesta a trav\u00e9s de sus servicios. En esta secci\u00f3n se ofrece un detalle de servicios clasificado seg\u00fan se trate de usuarios acreditados o p\u00fablico en general. Usuarios acreditados en Biblioteca Portal de informaci\u00f3n en l\u00ednea, 24\/7,\u00a0 con [&hellip;]<\/p>\n","protected":false},"author":3,"featured_media":0,"parent":0,"menu_order":0,"comment_status":"closed","ping_status":"closed","template":"","meta":{"site-sidebar-layout":"no-sidebar","site-content-layout":"page-builder","ast-site-content-layout":"full-width-container","site-content-style":"default","site-sidebar-style":"default","ast-global-header-display":"","ast-banner-title-visibility":"","ast-main-header-display":"","ast-hfb-above-header-display":"","ast-hfb-below-header-display":"","ast-hfb-mobile-header-display":"","site-post-title":"disabled","ast-breadcrumbs-content":"","ast-featured-img":"disabled","footer-sml-layout":"","theme-transparent-header-meta":"","adv-header-id-meta":"","stick-header-meta":"","header-above-stick-meta":"","header-main-stick-meta":"","header-below-stick-meta":"","astra-migrate-meta-layouts":"set","ast-page-background-enabled":"default","ast-page-background-meta":{"desktop":{"background-color":"var(--ast-global-color-4)","background-image":"","background-repeat":"repeat","background-position":"center center","background-size":"auto","background-attachment":"scroll","background-type":"","background-media":"","overlay-type":"","overlay-color":"","overlay-gradient":""},"tablet":{"background-color":"","background-image":"","background-repeat":"repeat","background-position":"center center","background-size":"auto","background-attachment":"scroll","background-type":"","background-media":"","overlay-type":"","overlay-color":"","overlay-gradient":""},"mobile":{"background-color":"","background-image":"","background-repeat":"repeat","background-position":"center center","background-size":"auto","background-attachment":"scroll","background-type":"","background-media":"","overlay-type":"","overlay-color":"","overlay-gradient":""}},"ast-content-background-meta":{"desktop":{"background-color":"var(--ast-global-color-5)","background-image":"","background-repeat":"repeat","background-position":"center center","background-size":"auto","background-attachment":"scroll","background-type":"","background-media":"","overlay-type":"","overlay-color":"","overlay-gradient":""},"tablet":{"background-color":"var(--ast-global-color-5)","background-image":"","background-repeat":"repeat","background-position":"center center","background-size":"auto","background-attachment":"scroll","background-type":"","background-media":"","overlay-type":"","overlay-color":"","overlay-gradient":""},"mobile":{"background-color":"var(--ast-global-color-5)","background-image":"","background-repeat":"repeat","background-position":"center center","background-size":"auto","background-attachment":"scroll","background-type":"","background-media":"","overlay-type":"","overlay-color":"","overlay-gradient":""}},"footnotes":""},"class_list":["post-509","page","type-page","status-publish","hentry"],"_links":{"self":[{"href":"https:\/\/biblioteca.ingenieria.uner.edu.ar\/index.php\/wp-json\/wp\/v2\/pages\/509","targetHints":{"allow":["GET"]}}],"collection":[{"href":"https:\/\/biblioteca.ingenieria.uner.edu.ar\/index.php\/wp-json\/wp\/v2\/pages"}],"about":[{"href":"https:\/\/biblioteca.ingenieria.uner.edu.ar\/index.php\/wp-json\/wp\/v2\/types\/page"}],"author":[{"embeddable":true,"href":"https:\/\/biblioteca.ingenieria.uner.edu.ar\/index.php\/wp-json\/wp\/v2\/users\/3"}],"replies":[{"embeddable":true,"href":"https:\/\/biblioteca.ingenieria.uner.edu.ar\/index.php\/wp-json\/wp\/v2\/comments?post=509"}],"version-history":[{"count":39,"href":"https:\/\/biblioteca.ingenieria.uner.edu.ar\/index.php\/wp-json\/wp\/v2\/pages\/509\/revisions"}],"predecessor-version":[{"id":1089,"href":"https:\/\/biblioteca.ingenieria.uner.edu.ar\/index.php\/wp-json\/wp\/v2\/pages\/509\/revisions\/1089"}],"wp:attachment":[{"href":"https:\/\/biblioteca.ingenieria.uner.edu.ar\/index.php\/wp-json\/wp\/v2\/media?parent=509"}],"curies":[{"name":"wp","href":"https:\/\/api.w.org\/{rel}","templated":true}]}}